{"id":2553,"date":"2017-10-31T08:24:42","date_gmt":"2017-10-31T08:24:42","guid":{"rendered":"http:\/\/www.salesassociats.com\/equip\/"},"modified":"2025-01-27T17:21:44","modified_gmt":"2025-01-27T17:21:44","slug":"equip","status":"publish","type":"page","link":"https:\/\/www.salesassociats.com\/es\/equip\/","title":{"rendered":"Sales Associats"},"content":{"rendered":"\n<p><\/p>\n\n\n\n<div class=\"mb-5 pb-5 row align-items-lg-center\">\n<div class=\"col-lg-5\">\n<p>Sales Associats es un estudio de arquitectura y urbanismo con una larga trayectoria profesional en todos los \u00e1mbitos de la arquitectura, urbanismo, dise\u00f1o y obra.<\/p>\n\n\n\n<p>El estudio est\u00e1 formado por un equipo multidisciplinar, donde cada uno de sus miembros est\u00e1 especializado en alguno de los \u00e1mbitos de la profesi\u00f3n, pudiendo ofrecer un servicio de mucha calidad.<\/p>\n\n\n\n<p>Esta especializaci\u00f3n nos permite desarrollar proyectos en toda su trayectoria, iniciando la transformaci\u00f3n urban\u00edstica, pasando por el proyecto de edificaci\u00f3n y terminando con la gesti\u00f3n propia de la obra.<\/p>\n<\/div>\n\n\n\n<div class=\"col-lg-6 offset-lg-1 align-self-lg-center\">\n<figure class=\"wp-block-gallery has-nested-images columns-2 is-cropped wp-block-gallery-1 is-layout-flex wp-block-gallery-is-layout-flex\">\n<figure class=\"wp-block-image size-large\"><img loading=\"lazy\" decoding=\"async\" width=\"1024\" height=\"495\" src=\"https:\/\/www.salesassociats.com\/wp-content\/uploads\/2017\/11\/2-1024x495.jpg\" alt=\"\" class=\"wp-image-3274\" srcset=\"https:\/\/www.salesassociats.com\/wp-content\/uploads\/2017\/11\/2-1024x495.jpg 1024w, https:\/\/www.salesassociats.com\/wp-content\/uploads\/2017\/11\/2-300x145.jpg 300w, https:\/\/www.salesassociats.com\/wp-content\/uploads\/2017\/11\/2-768x371.jpg 768w, https:\/\/www.salesassociats.com\/wp-content\/uploads\/2017\/11\/2-1200x580.jpg 1200w, https:\/\/www.salesassociats.com\/wp-content\/uploads\/2017\/11\/2-770x372.jpg 770w, https:\/\/www.salesassociats.com\/wp-content\/uploads\/2017\/11\/2-680x329.jpg 680w, https:\/\/www.salesassociats.com\/wp-content\/uploads\/2017\/11\/2-870x421.jpg 870w, https:\/\/www.salesassociats.com\/wp-content\/uploads\/2017\/11\/2-370x179.jpg 370w\" sizes=\"auto, (max-width: 1024px) 100vw, 1024px\" \/><\/figure>\n\n\n\n<figure class=\"wp-block-image size-large\"><img loading=\"lazy\" decoding=\"async\" width=\"1024\" height=\"495\" src=\"https:\/\/www.salesassociats.com\/wp-content\/uploads\/2017\/11\/3-1024x495.jpg\" alt=\"\" class=\"wp-image-3277\" srcset=\"https:\/\/www.salesassociats.com\/wp-content\/uploads\/2017\/11\/3-1024x495.jpg 1024w, https:\/\/www.salesassociats.com\/wp-content\/uploads\/2017\/11\/3-300x145.jpg 300w, https:\/\/www.salesassociats.com\/wp-content\/uploads\/2017\/11\/3-768x371.jpg 768w, https:\/\/www.salesassociats.com\/wp-content\/uploads\/2017\/11\/3-1200x580.jpg 1200w, https:\/\/www.salesassociats.com\/wp-content\/uploads\/2017\/11\/3-770x372.jpg 770w, https:\/\/www.salesassociats.com\/wp-content\/uploads\/2017\/11\/3-680x329.jpg 680w, https:\/\/www.salesassociats.com\/wp-content\/uploads\/2017\/11\/3-870x421.jpg 870w, https:\/\/www.salesassociats.com\/wp-content\/uploads\/2017\/11\/3-370x179.jpg 370w\" sizes=\"auto, (max-width: 1024px) 100vw, 1024px\" \/><\/figure>\n<\/figure>\n<\/div>\n<\/div>\n\n\n\n<h2 class=\"wp-block-heading mt-5 pt-5 pb-4\">Equipo<\/h2>\n\n\n\n<div class=\"row\">\n<div class=\"col-lg-4\">\n<p><strong>XAVIER SALES<br><\/strong>Arquitecte &#8211; Socio fundador<br><a href=\"mailto:xsales@salesassociats.com\">xsales@salesassociats.com<\/a><\/p>\n<\/div>\n\n\n\n<div class=\"col-lg-4\">\n<p><strong>ELISENDA SALES<br><\/strong>Arquitecta- Socia.<br>Responsable de la \u00e1rea de planeamiento y gesti\u00f3n urban\u00edstica.<br><a href=\"mailto:elisenda@salesassociats.com\">elisenda@salesassociats.com<\/a><\/p>\n\n\n\n<p><strong>ESTEFANIA VIVES<br><\/strong>Arquitecta<\/p>\n\n\n\n<p><strong>EMMA FERRER<\/strong><br>Arquitecta<\/p>\n\n\n\n<p><strong>\u00c1MAL ALSAWI<\/strong><br>Arquitecta&nbsp;\u2013 project manager<\/p>\n\n\n\n<p><strong>PAU ROS<\/strong><br>Arquitecto t\u00e9cnico \u2013 project manager<\/p>\n\n\n\n<p><strong>MIQUEL \u00c0NGEL FELIPE<\/strong><br>Arquitecto t\u00e9cnico<\/p>\n<\/div>\n\n\n\n<div class=\"col-lg-4\">\n<p><strong>JORDI GILI<br><\/strong>Arquitecte &#8211; Soci.<br>Responsable de la \u00e1rea de edificaci\u00f3n y rehabilitaci\u00f3n.<br><a href=\"mailto:jgili@salesassociats.com\">jgili@salesassociats.com<\/a><\/p>\n\n\n\n<p><strong>DAVID ROS<br><\/strong>Arquitecto<\/p>\n\n\n\n<p><strong>MERC\u00c8 ROCA<br><\/strong>Arquitecta<\/p>\n\n\n\n<p><strong>TERESA SALES<br><\/strong>Administrativa<\/p>\n\n\n\n<p><strong>FRANCESCA PRAT<br><\/strong>Administrativa<\/p>\n\n\n\n<p><strong>PERE TORRES<br><\/strong>Administraci\u00f3n<\/p>\n<\/div>\n<\/div>\n\n\n\n<figure class=\"wp-block-gallery has-nested-images columns-3 is-cropped my-5 py-5 wp-block-gallery-2 is-layout-flex wp-block-gallery-is-layout-flex\">\n<figure class=\"wp-block-image size-large\"><img loading=\"lazy\" decoding=\"async\" width=\"1024\" height=\"495\" data-id=\"3289\" src=\"https:\/\/saass.test\/wp-content\/uploads\/2017\/11\/7-1024x495.jpg\" alt=\"\" class=\"wp-image-3289\" srcset=\"https:\/\/www.salesassociats.com\/wp-content\/uploads\/2017\/11\/7-1024x495.jpg 1024w, https:\/\/www.salesassociats.com\/wp-content\/uploads\/2017\/11\/7-300x145.jpg 300w, https:\/\/www.salesassociats.com\/wp-content\/uploads\/2017\/11\/7-768x371.jpg 768w, https:\/\/www.salesassociats.com\/wp-content\/uploads\/2017\/11\/7-1200x580.jpg 1200w, https:\/\/www.salesassociats.com\/wp-content\/uploads\/2017\/11\/7-770x372.jpg 770w, https:\/\/www.salesassociats.com\/wp-content\/uploads\/2017\/11\/7-680x329.jpg 680w, https:\/\/www.salesassociats.com\/wp-content\/uploads\/2017\/11\/7-870x421.jpg 870w, https:\/\/www.salesassociats.com\/wp-content\/uploads\/2017\/11\/7-370x179.jpg 370w\" sizes=\"auto, (max-width: 1024px) 100vw, 1024px\" \/><\/figure>\n\n\n\n<figure class=\"wp-block-image size-large\"><img loading=\"lazy\" decoding=\"async\" width=\"1024\" height=\"495\" data-id=\"3286\" src=\"https:\/\/saass.test\/wp-content\/uploads\/2017\/11\/6-1024x495.jpg\" alt=\"\" class=\"wp-image-3286\" srcset=\"https:\/\/www.salesassociats.com\/wp-content\/uploads\/2017\/11\/6-1024x495.jpg 1024w, https:\/\/www.salesassociats.com\/wp-content\/uploads\/2017\/11\/6-300x145.jpg 300w, https:\/\/www.salesassociats.com\/wp-content\/uploads\/2017\/11\/6-768x371.jpg 768w, https:\/\/www.salesassociats.com\/wp-content\/uploads\/2017\/11\/6-1200x580.jpg 1200w, https:\/\/www.salesassociats.com\/wp-content\/uploads\/2017\/11\/6-770x372.jpg 770w, https:\/\/www.salesassociats.com\/wp-content\/uploads\/2017\/11\/6-680x329.jpg 680w, https:\/\/www.salesassociats.com\/wp-content\/uploads\/2017\/11\/6-870x421.jpg 870w, https:\/\/www.salesassociats.com\/wp-content\/uploads\/2017\/11\/6-370x179.jpg 370w\" sizes=\"auto, (max-width: 1024px) 100vw, 1024px\" \/><\/figure>\n\n\n\n<figure class=\"wp-block-image size-large\"><img loading=\"lazy\" decoding=\"async\" width=\"2461\" height=\"1190\" data-id=\"3283\" src=\"https:\/\/saass.test\/wp-content\/uploads\/2017\/11\/5-1024x495.jpg\" alt=\"\" class=\"wp-image-3283\" srcset=\"https:\/\/www.salesassociats.com\/wp-content\/uploads\/2017\/11\/5-1024x495.jpg 1024w, https:\/\/www.salesassociats.com\/wp-content\/uploads\/2017\/11\/5-300x145.jpg 300w, https:\/\/www.salesassociats.com\/wp-content\/uploads\/2017\/11\/5-768x371.jpg 768w, https:\/\/www.salesassociats.com\/wp-content\/uploads\/2017\/11\/5-1200x580.jpg 1200w, https:\/\/www.salesassociats.com\/wp-content\/uploads\/2017\/11\/5-770x372.jpg 770w, https:\/\/www.salesassociats.com\/wp-content\/uploads\/2017\/11\/5-680x329.jpg 680w, https:\/\/www.salesassociats.com\/wp-content\/uploads\/2017\/11\/5-870x421.jpg 870w, https:\/\/www.salesassociats.com\/wp-content\/uploads\/2017\/11\/5-370x179.jpg 370w\" sizes=\"auto, (max-width: 2461px) 100vw, 2461px\" \/><\/figure>\n\n\n\n<figure class=\"wp-block-image size-large\"><img loading=\"lazy\" decoding=\"async\" width=\"1024\" height=\"495\" data-id=\"3271\" src=\"https:\/\/saass.test\/wp-content\/uploads\/2017\/11\/1-1024x495.jpg\" alt=\"\" class=\"wp-image-3271\" srcset=\"https:\/\/www.salesassociats.com\/wp-content\/uploads\/2017\/11\/1-1024x495.jpg 1024w, https:\/\/www.salesassociats.com\/wp-content\/uploads\/2017\/11\/1-300x145.jpg 300w, https:\/\/www.salesassociats.com\/wp-content\/uploads\/2017\/11\/1-768x371.jpg 768w, https:\/\/www.salesassociats.com\/wp-content\/uploads\/2017\/11\/1-1200x580.jpg 1200w, https:\/\/www.salesassociats.com\/wp-content\/uploads\/2017\/11\/1-770x372.jpg 770w, https:\/\/www.salesassociats.com\/wp-content\/uploads\/2017\/11\/1-680x329.jpg 680w, https:\/\/www.salesassociats.com\/wp-content\/uploads\/2017\/11\/1-870x421.jpg 870w, https:\/\/www.salesassociats.com\/wp-content\/uploads\/2017\/11\/1-370x179.jpg 370w\" sizes=\"auto, (max-width: 1024px) 100vw, 1024px\" \/><\/figure>\n\n\n\n<figure class=\"wp-block-image size-large\"><img loading=\"lazy\" decoding=\"async\" width=\"1024\" height=\"495\" data-id=\"3280\" src=\"https:\/\/saass.test\/wp-content\/uploads\/2017\/11\/4-1024x495.jpg\" alt=\"\" class=\"wp-image-3280\" srcset=\"https:\/\/www.salesassociats.com\/wp-content\/uploads\/2017\/11\/4-1024x495.jpg 1024w, https:\/\/www.salesassociats.com\/wp-content\/uploads\/2017\/11\/4-300x145.jpg 300w, https:\/\/www.salesassociats.com\/wp-content\/uploads\/2017\/11\/4-768x371.jpg 768w, https:\/\/www.salesassociats.com\/wp-content\/uploads\/2017\/11\/4-1200x580.jpg 1200w, https:\/\/www.salesassociats.com\/wp-content\/uploads\/2017\/11\/4-770x372.jpg 770w, https:\/\/www.salesassociats.com\/wp-content\/uploads\/2017\/11\/4-680x329.jpg 680w, https:\/\/www.salesassociats.com\/wp-content\/uploads\/2017\/11\/4-870x421.jpg 870w, https:\/\/www.salesassociats.com\/wp-content\/uploads\/2017\/11\/4-370x179.jpg 370w\" sizes=\"auto, (max-width: 1024px) 100vw, 1024px\" \/><\/figure>\n\n\n\n<figure class=\"wp-block-image size-large\"><img loading=\"lazy\" decoding=\"async\" width=\"1024\" height=\"495\" data-id=\"3292\" src=\"https:\/\/saass.test\/wp-content\/uploads\/2017\/11\/8-1024x495.jpg\" alt=\"\" class=\"wp-image-3292\" srcset=\"https:\/\/www.salesassociats.com\/wp-content\/uploads\/2017\/11\/8-1024x495.jpg 1024w, https:\/\/www.salesassociats.com\/wp-content\/uploads\/2017\/11\/8-300x145.jpg 300w, https:\/\/www.salesassociats.com\/wp-content\/uploads\/2017\/11\/8-768x371.jpg 768w, https:\/\/www.salesassociats.com\/wp-content\/uploads\/2017\/11\/8-1200x580.jpg 1200w, https:\/\/www.salesassociats.com\/wp-content\/uploads\/2017\/11\/8-770x372.jpg 770w, https:\/\/www.salesassociats.com\/wp-content\/uploads\/2017\/11\/8-680x329.jpg 680w, https:\/\/www.salesassociats.com\/wp-content\/uploads\/2017\/11\/8-870x421.jpg 870w, https:\/\/www.salesassociats.com\/wp-content\/uploads\/2017\/11\/8-370x179.jpg 370w\" sizes=\"auto, (max-width: 1024px) 100vw, 1024px\" \/><\/figure>\n<\/figure>\n\n\n\n<h2 class=\"wp-block-heading mt-5 pt-5 pb-3\">Colaboradores<\/h2>\n\n\n\n<p><\/p>\n\n\n\n<figure class=\"wp-block-gallery has-nested-images columns-6 collabortors wp-block-gallery-3 is-layout-flex wp-block-gallery-is-layout-flex\">\n<figure class=\"wp-block-image size-large\"><a href=\"http:\/\/www.static-ing.com\/\" target=\"_blank\" rel=\" noreferrer noopener\"><img loading=\"lazy\" decoding=\"async\" width=\"591\" height=\"591\" data-id=\"3259\" src=\"https:\/\/www.salesassociats.com\/wp-content\/uploads\/2017\/11\/STATIC.jpg\" alt=\"\" class=\"wp-image-3259\" srcset=\"https:\/\/www.salesassociats.com\/wp-content\/uploads\/2017\/11\/STATIC.jpg 591w, https:\/\/www.salesassociats.com\/wp-content\/uploads\/2017\/11\/STATIC-150x150.jpg 150w, https:\/\/www.salesassociats.com\/wp-content\/uploads\/2017\/11\/STATIC-300x300.jpg 300w, https:\/\/www.salesassociats.com\/wp-content\/uploads\/2017\/11\/STATIC-415x415.jpg 415w, https:\/\/www.salesassociats.com\/wp-content\/uploads\/2017\/11\/STATIC-500x500.jpg 500w, https:\/\/www.salesassociats.com\/wp-content\/uploads\/2017\/11\/STATIC-370x370.jpg 370w\" sizes=\"auto, (max-width: 591px) 100vw, 591px\" \/><\/a><\/figure>\n\n\n\n<figure class=\"wp-block-image size-large\"><a href=\"http:\/\/mdomanagement.com\/2017\/\" target=\"_blank\" rel=\" noreferrer noopener\"><img loading=\"lazy\" decoding=\"async\" width=\"591\" height=\"591\" data-id=\"3244\" src=\"https:\/\/www.salesassociats.com\/wp-content\/uploads\/2017\/11\/MDO.jpg\" alt=\"\" class=\"wp-image-3244\" srcset=\"https:\/\/www.salesassociats.com\/wp-content\/uploads\/2017\/11\/MDO.jpg 591w, https:\/\/www.salesassociats.com\/wp-content\/uploads\/2017\/11\/MDO-150x150.jpg 150w, https:\/\/www.salesassociats.com\/wp-content\/uploads\/2017\/11\/MDO-300x300.jpg 300w, https:\/\/www.salesassociats.com\/wp-content\/uploads\/2017\/11\/MDO-415x415.jpg 415w, https:\/\/www.salesassociats.com\/wp-content\/uploads\/2017\/11\/MDO-500x500.jpg 500w, https:\/\/www.salesassociats.com\/wp-content\/uploads\/2017\/11\/MDO-370x370.jpg 370w\" sizes=\"auto, (max-width: 591px) 100vw, 591px\" \/><\/a><\/figure>\n\n\n\n<figure class=\"wp-block-image size-large\"><a href=\"http:\/\/www.k2consultingsl.com\/ca\/\" target=\"_blank\" rel=\" noreferrer noopener\"><img loading=\"lazy\" decoding=\"async\" width=\"591\" height=\"591\" data-id=\"3241\" src=\"https:\/\/www.salesassociats.com\/wp-content\/uploads\/2017\/11\/k2-1.jpg\" alt=\"\" class=\"wp-image-3241\" srcset=\"https:\/\/www.salesassociats.com\/wp-content\/uploads\/2017\/11\/k2-1.jpg 591w, https:\/\/www.salesassociats.com\/wp-content\/uploads\/2017\/11\/k2-1-150x150.jpg 150w, https:\/\/www.salesassociats.com\/wp-content\/uploads\/2017\/11\/k2-1-300x300.jpg 300w, https:\/\/www.salesassociats.com\/wp-content\/uploads\/2017\/11\/k2-1-415x415.jpg 415w, https:\/\/www.salesassociats.com\/wp-content\/uploads\/2017\/11\/k2-1-500x500.jpg 500w, https:\/\/www.salesassociats.com\/wp-content\/uploads\/2017\/11\/k2-1-370x370.jpg 370w\" sizes=\"auto, (max-width: 591px) 100vw, 591px\" \/><\/a><\/figure>\n\n\n\n<figure class=\"wp-block-image size-large\"><a href=\"http:\/\/www.promoacsa.es\/\" target=\"_blank\" rel=\" noreferrer noopener\"><img loading=\"lazy\" decoding=\"async\" width=\"591\" height=\"591\" data-id=\"3250\" src=\"https:\/\/www.salesassociats.com\/wp-content\/uploads\/2017\/11\/PROMO.jpg\" alt=\"\" class=\"wp-image-3250\" srcset=\"https:\/\/www.salesassociats.com\/wp-content\/uploads\/2017\/11\/PROMO.jpg 591w, https:\/\/www.salesassociats.com\/wp-content\/uploads\/2017\/11\/PROMO-150x150.jpg 150w, https:\/\/www.salesassociats.com\/wp-content\/uploads\/2017\/11\/PROMO-300x300.jpg 300w, https:\/\/www.salesassociats.com\/wp-content\/uploads\/2017\/11\/PROMO-415x415.jpg 415w, https:\/\/www.salesassociats.com\/wp-content\/uploads\/2017\/11\/PROMO-500x500.jpg 500w, https:\/\/www.salesassociats.com\/wp-content\/uploads\/2017\/11\/PROMO-370x370.jpg 370w\" sizes=\"auto, (max-width: 591px) 100vw, 591px\" \/><\/a><\/figure>\n\n\n\n<figure class=\"wp-block-image size-large\"><img loading=\"lazy\" decoding=\"async\" width=\"591\" height=\"591\" data-id=\"3256\" src=\"https:\/\/www.salesassociats.com\/wp-content\/uploads\/2017\/11\/SERPA.jpg\" alt=\"\" class=\"wp-image-3256\" srcset=\"https:\/\/www.salesassociats.com\/wp-content\/uploads\/2017\/11\/SERPA.jpg 591w, https:\/\/www.salesassociats.com\/wp-content\/uploads\/2017\/11\/SERPA-150x150.jpg 150w, https:\/\/www.salesassociats.com\/wp-content\/uploads\/2017\/11\/SERPA-300x300.jpg 300w, https:\/\/www.salesassociats.com\/wp-content\/uploads\/2017\/11\/SERPA-415x415.jpg 415w, https:\/\/www.salesassociats.com\/wp-content\/uploads\/2017\/11\/SERPA-500x500.jpg 500w, https:\/\/www.salesassociats.com\/wp-content\/uploads\/2017\/11\/SERPA-370x370.jpg 370w\" sizes=\"auto, (max-width: 591px) 100vw, 591px\" \/><\/figure>\n\n\n\n<figure class=\"wp-block-image size-large\"><img loading=\"lazy\" decoding=\"async\" width=\"591\" height=\"591\" data-id=\"3232\" src=\"https:\/\/www.salesassociats.com\/wp-content\/uploads\/2017\/11\/ECAFIR.jpg\" alt=\"\" class=\"wp-image-3232\" srcset=\"https:\/\/www.salesassociats.com\/wp-content\/uploads\/2017\/11\/ECAFIR.jpg 591w, https:\/\/www.salesassociats.com\/wp-content\/uploads\/2017\/11\/ECAFIR-150x150.jpg 150w, https:\/\/www.salesassociats.com\/wp-content\/uploads\/2017\/11\/ECAFIR-300x300.jpg 300w, https:\/\/www.salesassociats.com\/wp-content\/uploads\/2017\/11\/ECAFIR-415x415.jpg 415w, https:\/\/www.salesassociats.com\/wp-content\/uploads\/2017\/11\/ECAFIR-500x500.jpg 500w, https:\/\/www.salesassociats.com\/wp-content\/uploads\/2017\/11\/ECAFIR-370x370.jpg 370w\" sizes=\"auto, (max-width: 591px) 100vw, 591px\" \/><\/figure>\n\n\n\n<figure class=\"wp-block-image size-large\"><img loading=\"lazy\" decoding=\"async\" width=\"591\" height=\"591\" data-id=\"3262\" src=\"https:\/\/www.salesassociats.com\/wp-content\/uploads\/2017\/11\/ZALDIVAR.jpg\" alt=\"\" class=\"wp-image-3262\" srcset=\"https:\/\/www.salesassociats.com\/wp-content\/uploads\/2017\/11\/ZALDIVAR.jpg 591w, https:\/\/www.salesassociats.com\/wp-content\/uploads\/2017\/11\/ZALDIVAR-150x150.jpg 150w, https:\/\/www.salesassociats.com\/wp-content\/uploads\/2017\/11\/ZALDIVAR-300x300.jpg 300w, https:\/\/www.salesassociats.com\/wp-content\/uploads\/2017\/11\/ZALDIVAR-415x415.jpg 415w, https:\/\/www.salesassociats.com\/wp-content\/uploads\/2017\/11\/ZALDIVAR-500x500.jpg 500w, https:\/\/www.salesassociats.com\/wp-content\/uploads\/2017\/11\/ZALDIVAR-370x370.jpg 370w\" sizes=\"auto, (max-width: 591px) 100vw, 591px\" \/><\/figure>\n\n\n\n<figure class=\"wp-block-image size-large\"><img loading=\"lazy\" decoding=\"async\" width=\"591\" height=\"591\" data-id=\"3247\" src=\"https:\/\/www.salesassociats.com\/wp-content\/uploads\/2017\/11\/NUCLI.jpg\" alt=\"\" class=\"wp-image-3247\" srcset=\"https:\/\/www.salesassociats.com\/wp-content\/uploads\/2017\/11\/NUCLI.jpg 591w, https:\/\/www.salesassociats.com\/wp-content\/uploads\/2017\/11\/NUCLI-150x150.jpg 150w, https:\/\/www.salesassociats.com\/wp-content\/uploads\/2017\/11\/NUCLI-300x300.jpg 300w, https:\/\/www.salesassociats.com\/wp-content\/uploads\/2017\/11\/NUCLI-415x415.jpg 415w, https:\/\/www.salesassociats.com\/wp-content\/uploads\/2017\/11\/NUCLI-500x500.jpg 500w, https:\/\/www.salesassociats.com\/wp-content\/uploads\/2017\/11\/NUCLI-370x370.jpg 370w\" sizes=\"auto, (max-width: 591px) 100vw, 591px\" \/><\/figure>\n\n\n\n<figure class=\"wp-block-image size-large\"><img loading=\"lazy\" decoding=\"async\" width=\"591\" height=\"591\" data-id=\"3235\" src=\"https:\/\/www.salesassociats.com\/wp-content\/uploads\/2017\/11\/EGS-ADVOCATS.jpg\" alt=\"\" class=\"wp-image-3235\" srcset=\"https:\/\/www.salesassociats.com\/wp-content\/uploads\/2017\/11\/EGS-ADVOCATS.jpg 591w, https:\/\/www.salesassociats.com\/wp-content\/uploads\/2017\/11\/EGS-ADVOCATS-150x150.jpg 150w, https:\/\/www.salesassociats.com\/wp-content\/uploads\/2017\/11\/EGS-ADVOCATS-300x300.jpg 300w, https:\/\/www.salesassociats.com\/wp-content\/uploads\/2017\/11\/EGS-ADVOCATS-415x415.jpg 415w, https:\/\/www.salesassociats.com\/wp-content\/uploads\/2017\/11\/EGS-ADVOCATS-500x500.jpg 500w, https:\/\/www.salesassociats.com\/wp-content\/uploads\/2017\/11\/EGS-ADVOCATS-370x370.jpg 370w\" sizes=\"auto, (max-width: 591px) 100vw, 591px\" \/><\/figure>\n\n\n\n<figure class=\"wp-block-image size-large\"><img loading=\"lazy\" decoding=\"async\" width=\"591\" height=\"591\" data-id=\"3238\" src=\"https:\/\/www.salesassociats.com\/wp-content\/uploads\/2017\/11\/JAUME-VIZCARRO.jpg\" alt=\"\" class=\"wp-image-3238\" srcset=\"https:\/\/www.salesassociats.com\/wp-content\/uploads\/2017\/11\/JAUME-VIZCARRO.jpg 591w, https:\/\/www.salesassociats.com\/wp-content\/uploads\/2017\/11\/JAUME-VIZCARRO-150x150.jpg 150w, https:\/\/www.salesassociats.com\/wp-content\/uploads\/2017\/11\/JAUME-VIZCARRO-300x300.jpg 300w, https:\/\/www.salesassociats.com\/wp-content\/uploads\/2017\/11\/JAUME-VIZCARRO-415x415.jpg 415w, https:\/\/www.salesassociats.com\/wp-content\/uploads\/2017\/11\/JAUME-VIZCARRO-500x500.jpg 500w, https:\/\/www.salesassociats.com\/wp-content\/uploads\/2017\/11\/JAUME-VIZCARRO-370x370.jpg 370w\" sizes=\"auto, (max-width: 591px) 100vw, 591px\" \/><\/figure>\n\n\n\n<figure class=\"wp-block-image size-large\"><img loading=\"lazy\" decoding=\"async\" width=\"591\" height=\"591\" data-id=\"3226\" src=\"https:\/\/www.salesassociats.com\/wp-content\/uploads\/2017\/11\/ALBERT-JOV\u00c9.jpg\" alt=\"\" class=\"wp-image-3226\" srcset=\"https:\/\/www.salesassociats.com\/wp-content\/uploads\/2017\/11\/ALBERT-JOV\u00c9.jpg 591w, https:\/\/www.salesassociats.com\/wp-content\/uploads\/2017\/11\/ALBERT-JOV\u00c9-150x150.jpg 150w, https:\/\/www.salesassociats.com\/wp-content\/uploads\/2017\/11\/ALBERT-JOV\u00c9-300x300.jpg 300w, https:\/\/www.salesassociats.com\/wp-content\/uploads\/2017\/11\/ALBERT-JOV\u00c9-415x415.jpg 415w, https:\/\/www.salesassociats.com\/wp-content\/uploads\/2017\/11\/ALBERT-JOV\u00c9-500x500.jpg 500w, https:\/\/www.salesassociats.com\/wp-content\/uploads\/2017\/11\/ALBERT-JOV\u00c9-370x370.jpg 370w\" sizes=\"auto, (max-width: 591px) 100vw, 591px\" \/><\/figure>\n\n\n\n<figure class=\"wp-block-image size-large\"><img loading=\"lazy\" decoding=\"async\" width=\"591\" height=\"591\" data-id=\"3253\" src=\"https:\/\/www.salesassociats.com\/wp-content\/uploads\/2017\/11\/RAMON-AUSET.jpg\" alt=\"\" class=\"wp-image-3253\" srcset=\"https:\/\/www.salesassociats.com\/wp-content\/uploads\/2017\/11\/RAMON-AUSET.jpg 591w, https:\/\/www.salesassociats.com\/wp-content\/uploads\/2017\/11\/RAMON-AUSET-150x150.jpg 150w, https:\/\/www.salesassociats.com\/wp-content\/uploads\/2017\/11\/RAMON-AUSET-300x300.jpg 300w, https:\/\/www.salesassociats.com\/wp-content\/uploads\/2017\/11\/RAMON-AUSET-415x415.jpg 415w, https:\/\/www.salesassociats.com\/wp-content\/uploads\/2017\/11\/RAMON-AUSET-500x500.jpg 500w, https:\/\/www.salesassociats.com\/wp-content\/uploads\/2017\/11\/RAMON-AUSET-370x370.jpg 370w\" sizes=\"auto, (max-width: 591px) 100vw, 591px\" \/><\/figure>\n\n\n\n<figure class=\"wp-block-image size-large\"><img loading=\"lazy\" decoding=\"async\" width=\"591\" height=\"591\" data-id=\"3229\" src=\"https:\/\/www.salesassociats.com\/wp-content\/uploads\/2017\/11\/DOMENEC.jpg\" alt=\"\" class=\"wp-image-3229\" srcset=\"https:\/\/www.salesassociats.com\/wp-content\/uploads\/2017\/11\/DOMENEC.jpg 591w, https:\/\/www.salesassociats.com\/wp-content\/uploads\/2017\/11\/DOMENEC-150x150.jpg 150w, https:\/\/www.salesassociats.com\/wp-content\/uploads\/2017\/11\/DOMENEC-300x300.jpg 300w, https:\/\/www.salesassociats.com\/wp-content\/uploads\/2017\/11\/DOMENEC-415x415.jpg 415w, https:\/\/www.salesassociats.com\/wp-content\/uploads\/2017\/11\/DOMENEC-500x500.jpg 500w, https:\/\/www.salesassociats.com\/wp-content\/uploads\/2017\/11\/DOMENEC-370x370.jpg 370w\" sizes=\"auto, (max-width: 591px) 100vw, 591px\" \/><\/figure>\n\n\n\n<figure class=\"wp-block-image size-large\"><img loading=\"lazy\" decoding=\"async\" width=\"203\" height=\"201\" data-id=\"4129\" src=\"https:\/\/www.salesassociats.com\/wp-content\/uploads\/2023\/09\/00_adedma.jpg\" alt=\"\" class=\"wp-image-4129\" srcset=\"https:\/\/www.salesassociats.com\/wp-content\/uploads\/2023\/09\/00_adedma.jpg 203w, https:\/\/www.salesassociats.com\/wp-content\/uploads\/2023\/09\/00_adedma-150x150.jpg 150w\" sizes=\"auto, (max-width: 203px) 100vw, 203px\" \/><\/figure>\n<\/figure>\n","protected":false},"excerpt":{"rendered":"<p>Equipo Colaboradores [&#8230;]<\/p>\n<p><a class=\"understrap-read-more-link btn btn-outline-dark btn-sm\" href=\"https:\/\/www.salesassociats.com\/es\/equip\/\">Continue Reading&#8230;<\/a><\/p>\n","protected":false},"author":1,"featured_media":0,"parent":0,"menu_order":0,"comment_status":"closed","ping_status":"closed","template":"","meta":{"_acf_changed":false,"footnotes":""},"class_list":["post-2553","page","type-page","status-publish","hentry"],"acf":[],"_links":{"self":[{"href":"https:\/\/www.salesassociats.com\/es\/wp-json\/wp\/v2\/pages\/2553","targetHints":{"allow":["GET"]}}],"collection":[{"href":"https:\/\/www.salesassociats.com\/es\/wp-json\/wp\/v2\/pages"}],"about":[{"href":"https:\/\/www.salesassociats.com\/es\/wp-json\/wp\/v2\/types\/page"}],"author":[{"embeddable":true,"href":"https:\/\/www.salesassociats.com\/es\/wp-json\/wp\/v2\/users\/1"}],"replies":[{"embeddable":true,"href":"https:\/\/www.salesassociats.com\/es\/wp-json\/wp\/v2\/comments?post=2553"}],"version-history":[{"count":41,"href":"https:\/\/www.salesassociats.com\/es\/wp-json\/wp\/v2\/pages\/2553\/revisions"}],"predecessor-version":[{"id":4313,"href":"https:\/\/www.salesassociats.com\/es\/wp-json\/wp\/v2\/pages\/2553\/revisions\/4313"}],"wp:attachment":[{"href":"https:\/\/www.salesassociats.com\/es\/wp-json\/wp\/v2\/media?parent=2553"}],"curies":[{"name":"wp","href":"https:\/\/api.w.org\/{rel}","templated":true}]}}